{"id":57,"date":"2014-11-04T18:55:28","date_gmt":"2014-11-04T18:55:28","guid":{"rendered":"http:\/\/elmaestrorelojero.es\/wp\/?page_id=57"},"modified":"2014-11-04T18:55:28","modified_gmt":"2014-11-04T18:55:28","slug":"historia-3","status":"publish","type":"page","link":"https:\/\/elmaestrorelojero.es\/ws\/historia-3\/","title":{"rendered":"HISTORIA"},"content":{"rendered":"<div id=\"i0hvrlmb\" class=\"wysiwyg_viewer_skins_WRichTextNewSkintxtNew\">\n<p class=\"font_8\"><span class=\"color_15\">Eran \u00e9pocas de posguerra cuando se crea el negocio familiar.\u00a0Don\u00a0Florentino Campo Val\u00a0y su hermano\u00a0Jer\u00f3nimo, inician la actividad de reparaci\u00f3n, restauraci\u00f3n y recuperaci\u00f3n de todo tipo de relojes antiguos (torre, antesala, bolsillo, etc.).<\/span><\/p>\n<\/div>\n<p class=\"font_8\"><span class=\"color_15\">Cuando contaba 17 a\u00f1os de edad,\u00a0Javier Campo,\u00a0hijo de Florentino, se interesa por el negocio familiar y se forma en el taller de su padre continuando con el negocio juntos posicion\u00e1ndose como\u00a0peque\u00f1os artesanos en el mundo del reloj antiguo,\u00a0hasta\u00a0el 27 de mayo de 1991, en que\u00a0Javier\u00a0constituye como tal la empresa\u00a0\u201cEl Maestro Relojero\u201d.\u00a0<\/span><\/p>\n<p class=\"font_8\"><span class=\"color_15\">La historia se repite cuando\u00a0Daniel y Sandra Campo, hijos de Javier y nietos de Don Florentino, se incorporan tambi\u00e9n a este apasionante oficio continuando con el negocio familiar.<\/span><\/p>\n<p class=\"font_8\"><span class=\"color_15\">Hoy en d\u00eda la sociedad\u00a0desarrolla su actividad en\u00a0Madrid, desde donde ofrece servicios tanto en la Administraci\u00f3n P\u00fablica como en colecciones particulares.<\/span><\/p>\n<p class=\"font_8\"><span class=\"color_15\">As\u00ed se concretan\u00a0tres generaciones de relojeros, especializados\u00a0en\u00a0Relojes Antiguos\u00a0tanto en la\u00a0Reparaci\u00f3n, Restauraci\u00f3n, Mantenimiento,\u00a0como en la\u00a0<\/span>Compra &#8211; Venta\u00a0contando en la actualidad con una larga lista de clientes particulares as\u00ed como Sociedades \/ Fundaciones y Administraciones P\u00fablicas y Locales.<\/p>\n<h5 style=\"text-align: center;\"><img loading=\"lazy\" decoding=\"async\" class=\" wp-image-122 aligncenter\" src=\"http:\/\/elmaestrorelojero.es\/wp\/wp-content\/uploads\/2014\/11\/8f2de4_7927bf47a8184d2cb9e8d177c4419ce9-300x195.jpg\" alt=\"tres generaciones\" width=\"375\" height=\"244\" srcset=\"https:\/\/elmaestrorelojero.es\/ws\/wp-content\/uploads\/2014\/11\/8f2de4_7927bf47a8184d2cb9e8d177c4419ce9-300x195.jpg 300w, https:\/\/elmaestrorelojero.es\/ws\/wp-content\/uploads\/2014\/11\/8f2de4_7927bf47a8184d2cb9e8d177c4419ce9.jpg 640w\" sizes=\"auto, (max-width: 375px) 100vw, 375px\" \/><em>Fotograf\u00eda tomada en el a\u00f1o 2005 de los tres relojeros de la Familia Campo.<\/em><\/h5>\n<h4 class=\"font_8\" style=\"text-align: center;\"><\/h4>\n","protected":false},"excerpt":{"rendered":"<p>Eran \u00e9pocas de posguerra cuando se crea el negocio familiar.\u00a0Don\u00a0Florentino Campo Val\u00a0y su hermano\u00a0Jer\u00f3nimo, inician la actividad de reparaci\u00f3n, restauraci\u00f3n y recuperaci\u00f3n de todo tipo de relojes antiguos (torre, antesala, bolsillo, etc.). Cuando contaba 17 a\u00f1os de edad,\u00a0Javier Campo,\u00a0hijo de Florentino, se interesa por el negocio familiar y se forma &hellip;<\/p>\n","protected":false},"author":1,"featured_media":0,"parent":0,"menu_order":0,"comment_status":"closed","ping_status":"open","template":"","meta":{"_kadence_starter_templates_imported_post":false,"footnotes":""},"class_list":["post-57","page","type-page","status-publish","hentry"],"_links":{"self":[{"href":"https:\/\/elmaestrorelojero.es\/ws\/wp-json\/wp\/v2\/pages\/57","targetHints":{"allow":["GET"]}}],"collection":[{"href":"https:\/\/elmaestrorelojero.es\/ws\/wp-json\/wp\/v2\/pages"}],"about":[{"href":"https:\/\/elmaestrorelojero.es\/ws\/wp-json\/wp\/v2\/types\/page"}],"author":[{"embeddable":true,"href":"https:\/\/elmaestrorelojero.es\/ws\/wp-json\/wp\/v2\/users\/1"}],"replies":[{"embeddable":true,"href":"https:\/\/elmaestrorelojero.es\/ws\/wp-json\/wp\/v2\/comments?post=57"}],"version-history":[{"count":0,"href":"https:\/\/elmaestrorelojero.es\/ws\/wp-json\/wp\/v2\/pages\/57\/revisions"}],"wp:attachment":[{"href":"https:\/\/elmaestrorelojero.es\/ws\/wp-json\/wp\/v2\/media?parent=57"}],"curies":[{"name":"wp","href":"https:\/\/api.w.org\/{rel}","templated":true}]}}