{"id":52,"date":"2014-11-04T18:53:08","date_gmt":"2014-11-04T18:53:08","guid":{"rendered":"http:\/\/elmaestrorelojero.es\/wp\/?page_id=52"},"modified":"2014-11-04T18:53:08","modified_gmt":"2014-11-04T18:53:08","slug":"servicios","status":"publish","type":"page","link":"https:\/\/elmaestrorelojero.es\/ws\/servicios\/","title":{"rendered":"REPARACI\u00d3N DE RELOJES"},"content":{"rendered":"<p class=\"wysiwyg_viewer_skins_WRichTextNewSkintxtNew\">En El Maestro Relojero \u00a0somos\u00a0especialistas en todo tipo de<strong> relojes antiguos<\/strong>. Los servicios que ofrecemos a nuestros clientes son los siguientes:<\/p>\n<ul>\n<li>\n<p class=\"font_8\"><strong>Reparaci\u00f3n<\/strong><img loading=\"lazy\" decoding=\"async\" class=\"wp-image-112 alignright\" src=\"http:\/\/elmaestrorelojero.es\/wp\/wp-content\/uploads\/2014\/11\/foto-jose-carlos-taller2-300x200.jpg\" alt=\"jose carlos taller\" width=\"282\" height=\"193\" \/><img loading=\"lazy\" decoding=\"async\" class=\"wp-image-111 alignright\" src=\"http:\/\/elmaestrorelojero.es\/wp\/wp-content\/uploads\/2014\/11\/foto-dani-taller2-300x218.jpg\" alt=\"dani taller\" width=\"279\" height=\"207\" \/><\/p>\n<\/li>\n<li>\n<p class=\"font_8\"><strong>Restauraci\u00f3n<\/strong><\/p>\n<\/li>\n<li>\n<p class=\"font_8\"><strong>Conservaci\u00f3n y mantenimiento<\/strong><\/p>\n<\/li>\n<li>\n<p class=\"font_8\"><strong>Fabricaci\u00f3n de piezas a medida<\/strong><\/p>\n<\/li>\n<li>\n<p class=\"font_8\" style=\"text-align: justify;\"><strong>Asesoramiento<\/strong><\/p>\n<\/li>\n<li>\n<p class=\"font_8\"><strong>Compra\/venta<\/strong><\/p>\n<\/li>\n<\/ul>\n<p>Todos nuestros trabajos est\u00e1n garantizados y realizados por personal altamente cualificado. Disponemos de talleres propios y exposici\u00f3n permanente en Madrid, y venimos participando en ferias de alto prestigio como\u00a0FERIARTE y\u00a0ALMONEDA\u00a0desde hace m\u00e1s de 10 a\u00f1os. En nuestros talleres estamos en condiciones de fabricar piezas da\u00f1adas respetando siempre materiales y estilos de cada reloj.<\/p>\n<div id=\"i0hx2rsj\" class=\"wysiwyg_viewer_skins_WRichTextNewSkintxtNew\">\n<p class=\"font_8\">As\u00ed mismo nos sentimos orgullosos de ser responsables del mantenimiento y conservaci\u00f3n del\u00a0patrimonio hist\u00f3rico nacional, llevando a cabo nuestros servicios en distintos organismos oficiales como los\u00a0Ministerios de Interior, Fomento, Justicia, Agricultura, Tribunal Supremo, Palacio de Zurbano, Palacio de Parc\u00e9n, Ayuntamiento de Madrid, y Colegio de Abogados de Madrid\u00a0entre otros. Adem\u00e1s de un elevado n\u00famero de\u00a0empresas privadas y particulares\u00a0que visitamos semanalmente para el mantenimiento de su colecci\u00f3n.<\/p>\n<\/div>\n","protected":false},"excerpt":{"rendered":"<p>En El Maestro Relojero \u00a0somos\u00a0especialistas en todo tipo de relojes antiguos. Los servicios que ofrecemos a nuestros clientes son los siguientes: Reparaci\u00f3n Restauraci\u00f3n Conservaci\u00f3n y mantenimiento Fabricaci\u00f3n de piezas a medida Asesoramiento Compra\/venta Todos nuestros trabajos est\u00e1n garantizados y realizados por personal altamente cualificado. Disponemos de talleres propios y exposici\u00f3n &hellip;<\/p>\n","protected":false},"author":1,"featured_media":0,"parent":0,"menu_order":0,"comment_status":"closed","ping_status":"open","template":"","meta":{"_kadence_starter_templates_imported_post":false,"footnotes":""},"class_list":["post-52","page","type-page","status-publish","hentry"],"_links":{"self":[{"href":"https:\/\/elmaestrorelojero.es\/ws\/wp-json\/wp\/v2\/pages\/52","targetHints":{"allow":["GET"]}}],"collection":[{"href":"https:\/\/elmaestrorelojero.es\/ws\/wp-json\/wp\/v2\/pages"}],"about":[{"href":"https:\/\/elmaestrorelojero.es\/ws\/wp-json\/wp\/v2\/types\/page"}],"author":[{"embeddable":true,"href":"https:\/\/elmaestrorelojero.es\/ws\/wp-json\/wp\/v2\/users\/1"}],"replies":[{"embeddable":true,"href":"https:\/\/elmaestrorelojero.es\/ws\/wp-json\/wp\/v2\/comments?post=52"}],"version-history":[{"count":0,"href":"https:\/\/elmaestrorelojero.es\/ws\/wp-json\/wp\/v2\/pages\/52\/revisions"}],"wp:attachment":[{"href":"https:\/\/elmaestrorelojero.es\/ws\/wp-json\/wp\/v2\/media?parent=52"}],"curies":[{"name":"wp","href":"https:\/\/api.w.org\/{rel}","templated":true}]}}