{"id":316,"date":"2014-11-17T18:21:03","date_gmt":"2014-11-17T18:21:03","guid":{"rendered":"http:\/\/elmaestrorelojero.es\/wp\/?page_id=316"},"modified":"2023-09-27T07:52:59","modified_gmt":"2023-09-27T05:52:59","slug":"aviso-legal","status":"publish","type":"page","link":"https:\/\/elmaestrorelojero.es\/ws\/aviso-legal\/","title":{"rendered":"Aviso Legal"},"content":{"rendered":"<p><strong>EL MAESTRO RELOJERO S.L.<\/strong>, con CIF B80839111, direcci\u00f3n Calle Escosura, N\u00ba 23, 28015\u00a0Madrid (Madrid), no puede asumir ninguna responsabilidad derivada del uso incorrecto, inapropiado o il\u00edcito de la informaci\u00f3n aparecida en las p\u00e1ginas de Internet de www.elmaestrorelojero.es (o www.elmaestrorelojero.com).<\/p>\n<p>Con los l\u00edmites establecidos en la ley, www.<strong>elmaestrorelojero<\/strong>.es no asume ninguna responsabilidad derivada de la falta de veracidad, integridad, actualizaci\u00f3n y precisi\u00f3n de los datos o informaciones que se contienen en sus p\u00e1ginas de Internet.<\/p>\n<p>Los contenidos e informaci\u00f3n no vinculan a www.<strong>elmaestrorelojero<\/strong>.es ni constituyen opiniones, consejos o asesoramiento legal de ning\u00fan tipo pues se trata meramente de un servicio ofrecido con car\u00e1cter informativo y divulgativo.<\/p>\n<p>Las p\u00e1ginas de Internet de www.<strong>elmaestrorelojero<\/strong>.es pueden contener enlaces a otras p\u00e1ginas de terceras partes que www.<strong>elmaestrorelojero<\/strong>.es no puede controlar. Por lo tanto, www.<strong>elmaestrorelojero<\/strong>.esno puede asumir responsabilidades por el contenido que pueda aparecer en p\u00e1ginas de terceros.<\/p>\n<p>Los textos, im\u00e1genes, sonidos, animaciones, software y el resto de contenidos incluidos en este website son propiedad exclusiva de www.<strong>elmaestrorelojero<\/strong>.es o sus licenciantes. Cualquier acto de transmisi\u00f3n, distribuci\u00f3n, cesi\u00f3n, reproducci\u00f3n, almacenamiento o comunicaci\u00f3n p\u00fablica total o parcial, debe contar con el consentimiento expreso de www.<strong>elmaestrorelojero<\/strong>.es.<\/p>\n<p>Asimismo, para acceder a algunos de los servicios que www.<strong>elmaestrorelojero<\/strong>.es ofrece a trav\u00e9s del sitio deber\u00e1 proporcionar algunos datos de car\u00e1cter personal. En cumplimiento de lo establecido en la Ley Org\u00e1nica 15\/1999, de 13 de diciembre, de Protecci\u00f3n de Datos de Car\u00e1cter Personal le informamos que, mediante la cumplimentaci\u00f3n de los presentes formularios, sus datos personales quedar\u00e1n incorporados y ser\u00e1n tratados en los ficheros de <strong>EL MAESTRO RELOJERO <\/strong>con el fin de poderle prestar y ofrecer nuestros servicios as\u00ed como para informarle de las mejoras del sitio Web. Asimismo, le informamos de la posibilidad de que ejerza los derechos de acceso, rectificaci\u00f3n, cancelaci\u00f3n y oposici\u00f3n de sus datos de car\u00e1cter personal, manera gratuita mediante email a contacto@<strong>elmaestrorelojero<\/strong>.com o en la direcci\u00f3n Calle Escosura, 23. 28015\u00a0&#8211; Madrid.<\/p>\n<p>&nbsp;<\/p>\n","protected":false},"excerpt":{"rendered":"<p>EL MAESTRO RELOJERO S.L., con CIF B80839111, direcci\u00f3n Calle Escosura, N\u00ba 23, 28015\u00a0Madrid (Madrid), no puede asumir ninguna responsabilidad derivada del uso incorrecto, inapropiado o il\u00edcito de la informaci\u00f3n aparecida en las p\u00e1ginas de Internet de www.elmaestrorelojero.es (o www.elmaestrorelojero.com). Con los l\u00edmites establecidos en la ley, www.elmaestrorelojero.es no asume ninguna &hellip;<\/p>\n","protected":false},"author":1,"featured_media":0,"parent":0,"menu_order":0,"comment_status":"closed","ping_status":"open","template":"","meta":{"_kadence_starter_templates_imported_post":false,"footnotes":""},"class_list":["post-316","page","type-page","status-publish","hentry"],"_links":{"self":[{"href":"https:\/\/elmaestrorelojero.es\/ws\/wp-json\/wp\/v2\/pages\/316","targetHints":{"allow":["GET"]}}],"collection":[{"href":"https:\/\/elmaestrorelojero.es\/ws\/wp-json\/wp\/v2\/pages"}],"about":[{"href":"https:\/\/elmaestrorelojero.es\/ws\/wp-json\/wp\/v2\/types\/page"}],"author":[{"embeddable":true,"href":"https:\/\/elmaestrorelojero.es\/ws\/wp-json\/wp\/v2\/users\/1"}],"replies":[{"embeddable":true,"href":"https:\/\/elmaestrorelojero.es\/ws\/wp-json\/wp\/v2\/comments?post=316"}],"version-history":[{"count":1,"href":"https:\/\/elmaestrorelojero.es\/ws\/wp-json\/wp\/v2\/pages\/316\/revisions"}],"predecessor-version":[{"id":532,"href":"https:\/\/elmaestrorelojero.es\/ws\/wp-json\/wp\/v2\/pages\/316\/revisions\/532"}],"wp:attachment":[{"href":"https:\/\/elmaestrorelojero.es\/ws\/wp-json\/wp\/v2\/media?parent=316"}],"curies":[{"name":"wp","href":"https:\/\/api.w.org\/{rel}","templated":true}]}}