{"id":302,"date":"2014-11-17T17:50:30","date_gmt":"2014-11-17T17:50:30","guid":{"rendered":"http:\/\/elmaestrorelojero.es\/wp\/?page_id=302"},"modified":"2023-10-14T18:14:05","modified_gmt":"2023-10-14T16:14:05","slug":"sobremesa-2","status":"publish","type":"page","link":"https:\/\/elmaestrorelojero.es\/ws\/sobremesa-2\/","title":{"rendered":"Sobremesa"},"content":{"rendered":"<style>.wp-block-kadence-advancedgallery .kb-gallery-type-grid.kb-gallery-id-609_0945ba-91{margin:-10.5px;}.kb-gallery-type-grid.kb-gallery-id-609_0945ba-91 .kadence-blocks-gallery-item{padding:10.5px;}.kb-gallery-id-609_0945ba-91 .kadence-blocks-gallery-item .kb-gal-image-radius, .kb-gallery-id-609_0945ba-91 .kb-slide-item .kb-gal-image-radius img{border-radius:0px 0px 0px 0px;;}.kb-gallery-caption-style-bottom.kb-gallery-id-609_0945ba-91 .kadence-blocks-gallery-item .kadence-blocks-gallery-item-inner .kadence-blocks-gallery-item__caption, .kb-gallery-caption-style-bottom-hover.kb-gallery-id-609_0945ba-91 .kadence-blocks-gallery-item .kadence-blocks-gallery-item-inner .kadence-blocks-gallery-item__caption{background:linear-gradient(0deg, rgba(0, 0, 0, 0.8) 0, rgba(0, 0, 0, 0) 100%);}<\/style><div class=\"kb-gallery-wrap-id-609_0945ba-91 alignnone wp-block-kadence-advancedgallery\"><ul class=\"kb-gallery-ul kb-gallery-non-static kb-gallery-type-grid kb-gallery-id-609_0945ba-91 kb-gallery-caption-style-bottom-hover kb-gallery-filter-none kb-gallery-magnific-init\" data-image-filter=\"none\" data-item-selector=\".kadence-blocks-gallery-item\" data-lightbox-caption=\"true\" data-columns-xxl=\"4\" data-columns-xl=\"4\" data-columns-md=\"4\" data-columns-sm=\"3\" data-columns-xs=\"2\" data-columns-ss=\"2\"><li class=\"kadence-blocks-gallery-item\"><div class=\"kadence-blocks-gallery-item-inner\"><figure class=\"kb-gallery-figure kb-gallery-item-has-link kadence-blocks-gallery-item-has-caption\"><a href=\"https:\/\/elmaestrorelojero.es\/ws\/wp-content\/uploads\/2014\/11\/sobremesa51-768x768.jpg\" data-description=\"Reloj franc\u00e9s con vidrio cobalto\" class=\"kb-gallery-item-link\"   role=\"button\" aria-haspopup=\"dialog\"><div class=\"kb-gal-image-radius\"><div class=\"kb-gallery-image-contain kadence-blocks-gallery-intrinsic kb-gallery-image-ratio-land32 kb-has-image-ratio-land32\" ><img loading=\"lazy\" decoding=\"async\" src=\"https:\/\/elmaestrorelojero.es\/ws\/wp-content\/uploads\/2014\/11\/sobremesa51.jpg\" width=\"830\" height=\"830\" alt=\"\" data-full-image=\"https:\/\/elmaestrorelojero.es\/ws\/wp-content\/uploads\/2014\/11\/sobremesa51.jpg\" data-light-image=\"https:\/\/elmaestrorelojero.es\/ws\/wp-content\/uploads\/2014\/11\/sobremesa51.jpg\" data-id=\"349\" class=\"wp-image-349\" srcset=\"https:\/\/elmaestrorelojero.es\/ws\/wp-content\/uploads\/2014\/11\/sobremesa51.jpg 830w, https:\/\/elmaestrorelojero.es\/ws\/wp-content\/uploads\/2014\/11\/sobremesa51-300x300.jpg 300w, https:\/\/elmaestrorelojero.es\/ws\/wp-content\/uploads\/2014\/11\/sobremesa51-150x150.jpg 150w, https:\/\/elmaestrorelojero.es\/ws\/wp-content\/uploads\/2014\/11\/sobremesa51-768x768.jpg 768w, https:\/\/elmaestrorelojero.es\/ws\/wp-content\/uploads\/2014\/11\/sobremesa51-400x400.jpg 400w\" sizes=\"auto, (max-width: 830px) 100vw, 830px\" \/><\/div><div class=\"kadence-blocks-gallery-item__caption\">Reloj franc\u00e9s con vidrio cobalto<\/div><\/div><\/a><\/figure><\/div><\/li><li class=\"kadence-blocks-gallery-item\"><div class=\"kadence-blocks-gallery-item-inner\"><figure class=\"kb-gallery-figure kb-gallery-item-has-link kadence-blocks-gallery-item-has-caption\"><a href=\"https:\/\/elmaestrorelojero.es\/ws\/wp-content\/uploads\/2014\/11\/sobremesa42.jpg\" data-description=\"Reloj ingl\u00e9s\" data-alt=\"Reloj ingl\u00e9s 1\" class=\"kb-gallery-item-link\"   role=\"button\" aria-haspopup=\"dialog\"><div class=\"kb-gal-image-radius\"><div class=\"kb-gallery-image-contain kadence-blocks-gallery-intrinsic kb-gallery-image-ratio-land32 kb-has-image-ratio-land32\" ><img loading=\"lazy\" decoding=\"async\" src=\"https:\/\/elmaestrorelojero.es\/ws\/wp-content\/uploads\/2014\/11\/sobremesa42.jpg\" width=\"667\" height=\"1000\" alt=\"Reloj ingl\u00e9s 1\" data-full-image=\"https:\/\/elmaestrorelojero.es\/ws\/wp-content\/uploads\/2014\/11\/sobremesa42.jpg\" data-light-image=\"https:\/\/elmaestrorelojero.es\/ws\/wp-content\/uploads\/2014\/11\/sobremesa42.jpg\" data-id=\"322\" class=\"wp-image-322\" srcset=\"https:\/\/elmaestrorelojero.es\/ws\/wp-content\/uploads\/2014\/11\/sobremesa42.jpg 667w, https:\/\/elmaestrorelojero.es\/ws\/wp-content\/uploads\/2014\/11\/sobremesa42-200x300.jpg 200w\" sizes=\"auto, (max-width: 667px) 100vw, 667px\" \/><\/div><div class=\"kadence-blocks-gallery-item__caption\">Reloj ingl\u00e9s<\/div><\/div><\/a><\/figure><\/div><\/li><li class=\"kadence-blocks-gallery-item\"><div class=\"kadence-blocks-gallery-item-inner\"><figure class=\"kb-gallery-figure kb-gallery-item-has-link kadence-blocks-gallery-item-has-caption\"><a href=\"https:\/\/elmaestrorelojero.es\/ws\/wp-content\/uploads\/2014\/11\/sobremesa32.jpg\" data-description=\"Reloj de m\u00e1rmol. Escape visto\" class=\"kb-gallery-item-link\"   role=\"button\" aria-haspopup=\"dialog\"><div class=\"kb-gal-image-radius\"><div class=\"kb-gallery-image-contain kadence-blocks-gallery-intrinsic kb-gallery-image-ratio-land32 kb-has-image-ratio-land32\" ><img loading=\"lazy\" decoding=\"async\" src=\"https:\/\/elmaestrorelojero.es\/ws\/wp-content\/uploads\/2014\/11\/sobremesa32.jpg\" width=\"735\" height=\"900\" alt=\"\" data-full-image=\"https:\/\/elmaestrorelojero.es\/ws\/wp-content\/uploads\/2014\/11\/sobremesa32.jpg\" data-light-image=\"https:\/\/elmaestrorelojero.es\/ws\/wp-content\/uploads\/2014\/11\/sobremesa32.jpg\" data-id=\"321\" class=\"wp-image-321\" srcset=\"https:\/\/elmaestrorelojero.es\/ws\/wp-content\/uploads\/2014\/11\/sobremesa32.jpg 735w, https:\/\/elmaestrorelojero.es\/ws\/wp-content\/uploads\/2014\/11\/sobremesa32-245x300.jpg 245w\" sizes=\"auto, (max-width: 735px) 100vw, 735px\" \/><\/div><div class=\"kadence-blocks-gallery-item__caption\">Reloj de m\u00e1rmol. Escape visto<\/div><\/div><\/a><\/figure><\/div><\/li><li class=\"kadence-blocks-gallery-item\"><div class=\"kadence-blocks-gallery-item-inner\"><figure class=\"kb-gallery-figure kb-gallery-item-has-link kadence-blocks-gallery-item-has-caption\"><a href=\"https:\/\/elmaestrorelojero.es\/ws\/wp-content\/uploads\/2014\/11\/guarnicion-marmol-WEB2-768x512.jpg\" data-description=\"Guarnici\u00f3n de m\u00e1rmol\" class=\"kb-gallery-item-link\"   role=\"button\" aria-haspopup=\"dialog\"><div class=\"kb-gal-image-radius\"><div class=\"kb-gallery-image-contain kadence-blocks-gallery-intrinsic kb-gallery-image-ratio-land32 kb-has-image-ratio-land32\" ><img loading=\"lazy\" decoding=\"async\" src=\"https:\/\/elmaestrorelojero.es\/ws\/wp-content\/uploads\/2014\/11\/guarnicion-marmol-WEB2.jpg\" width=\"1020\" height=\"680\" alt=\"\" data-full-image=\"https:\/\/elmaestrorelojero.es\/ws\/wp-content\/uploads\/2014\/11\/guarnicion-marmol-WEB2.jpg\" data-light-image=\"https:\/\/elmaestrorelojero.es\/ws\/wp-content\/uploads\/2014\/11\/guarnicion-marmol-WEB2.jpg\" data-id=\"320\" class=\"wp-image-320\" srcset=\"https:\/\/elmaestrorelojero.es\/ws\/wp-content\/uploads\/2014\/11\/guarnicion-marmol-WEB2.jpg 1020w, https:\/\/elmaestrorelojero.es\/ws\/wp-content\/uploads\/2014\/11\/guarnicion-marmol-WEB2-300x200.jpg 300w, https:\/\/elmaestrorelojero.es\/ws\/wp-content\/uploads\/2014\/11\/guarnicion-marmol-WEB2-768x512.jpg 768w\" sizes=\"auto, (max-width: 1020px) 100vw, 1020px\" \/><\/div><div class=\"kadence-blocks-gallery-item__caption\">Guarnici\u00f3n de m\u00e1rmol<\/div><\/div><\/a><\/figure><\/div><\/li><li class=\"kadence-blocks-gallery-item\"><div class=\"kadence-blocks-gallery-item-inner\"><figure class=\"kb-gallery-figure kb-gallery-item-has-link kadence-blocks-gallery-item-has-caption\"><a href=\"https:\/\/elmaestrorelojero.es\/ws\/wp-content\/uploads\/2014\/11\/guarnicion-marmol-WEB-768x512.jpg\" data-description=\"Guarnici\u00f3n de m\u00e1rmol con p\u00e9ndulo de mercurio.\" data-alt=\"Guarnici\u00f3n de m\u00e1rmol con p\u00e9ndulo de mercurio.\" class=\"kb-gallery-item-link\"   role=\"button\" aria-haspopup=\"dialog\"><div class=\"kb-gal-image-radius\"><div class=\"kb-gallery-image-contain kadence-blocks-gallery-intrinsic kb-gallery-image-ratio-land32 kb-has-image-ratio-land32\" ><img loading=\"lazy\" decoding=\"async\" src=\"https:\/\/elmaestrorelojero.es\/ws\/wp-content\/uploads\/2014\/11\/guarnicion-marmol-WEB.jpg\" width=\"1020\" height=\"680\" alt=\"Guarnici\u00f3n de m\u00e1rmol con p\u00e9ndulo de mercurio.\" data-full-image=\"https:\/\/elmaestrorelojero.es\/ws\/wp-content\/uploads\/2014\/11\/guarnicion-marmol-WEB.jpg\" data-light-image=\"https:\/\/elmaestrorelojero.es\/ws\/wp-content\/uploads\/2014\/11\/guarnicion-marmol-WEB.jpg\" data-id=\"319\" class=\"wp-image-319\" srcset=\"https:\/\/elmaestrorelojero.es\/ws\/wp-content\/uploads\/2014\/11\/guarnicion-marmol-WEB.jpg 1020w, https:\/\/elmaestrorelojero.es\/ws\/wp-content\/uploads\/2014\/11\/guarnicion-marmol-WEB-300x200.jpg 300w, https:\/\/elmaestrorelojero.es\/ws\/wp-content\/uploads\/2014\/11\/guarnicion-marmol-WEB-768x512.jpg 768w\" sizes=\"auto, (max-width: 1020px) 100vw, 1020px\" \/><\/div><div class=\"kadence-blocks-gallery-item__caption\">Guarnici\u00f3n de m\u00e1rmol con p\u00e9ndulo de mercurio.<\/div><\/div><\/a><\/figure><\/div><\/li><li class=\"kadence-blocks-gallery-item\"><div class=\"kadence-blocks-gallery-item-inner\"><figure class=\"kb-gallery-figure kb-gallery-item-has-link kadence-blocks-gallery-item-has-caption\"><a href=\"https:\/\/elmaestrorelojero.es\/ws\/wp-content\/uploads\/2014\/11\/sobremesa31-768x768.jpg\" data-description=\"Reloj sobremesa franc\u00e9s bronce dorado. Carlos X\" class=\"kb-gallery-item-link\"   role=\"button\" aria-haspopup=\"dialog\"><div class=\"kb-gal-image-radius\"><div class=\"kb-gallery-image-contain kadence-blocks-gallery-intrinsic kb-gallery-image-ratio-land32 kb-has-image-ratio-land32\" ><img loading=\"lazy\" decoding=\"async\" src=\"https:\/\/elmaestrorelojero.es\/ws\/wp-content\/uploads\/2014\/11\/sobremesa31.jpg\" width=\"800\" height=\"800\" alt=\"\" data-full-image=\"https:\/\/elmaestrorelojero.es\/ws\/wp-content\/uploads\/2014\/11\/sobremesa31.jpg\" data-light-image=\"https:\/\/elmaestrorelojero.es\/ws\/wp-content\/uploads\/2014\/11\/sobremesa31.jpg\" data-id=\"258\" class=\"wp-image-258\" srcset=\"https:\/\/elmaestrorelojero.es\/ws\/wp-content\/uploads\/2014\/11\/sobremesa31.jpg 800w, https:\/\/elmaestrorelojero.es\/ws\/wp-content\/uploads\/2014\/11\/sobremesa31-300x300.jpg 300w, https:\/\/elmaestrorelojero.es\/ws\/wp-content\/uploads\/2014\/11\/sobremesa31-150x150.jpg 150w, https:\/\/elmaestrorelojero.es\/ws\/wp-content\/uploads\/2014\/11\/sobremesa31-768x768.jpg 768w, https:\/\/elmaestrorelojero.es\/ws\/wp-content\/uploads\/2014\/11\/sobremesa31-400x400.jpg 400w\" sizes=\"auto, (max-width: 800px) 100vw, 800px\" \/><\/div><div class=\"kadence-blocks-gallery-item__caption\">Reloj sobremesa franc\u00e9s bronce dorado. Carlos X<\/div><\/div><\/a><\/figure><\/div><\/li><li class=\"kadence-blocks-gallery-item\"><div class=\"kadence-blocks-gallery-item-inner\"><figure class=\"kb-gallery-figure kb-gallery-item-has-link kadence-blocks-gallery-item-has-caption\"><a href=\"https:\/\/elmaestrorelojero.es\/ws\/wp-content\/uploads\/2014\/11\/sobremesa21-768x768.jpg\" data-description=\"Reloj ingl\u00e9s Art Dec\u00f3. 1920\" class=\"kb-gallery-item-link\"   role=\"button\" aria-haspopup=\"dialog\"><div class=\"kb-gal-image-radius\"><div class=\"kb-gallery-image-contain kadence-blocks-gallery-intrinsic kb-gallery-image-ratio-land32 kb-has-image-ratio-land32\" ><img loading=\"lazy\" decoding=\"async\" src=\"https:\/\/elmaestrorelojero.es\/ws\/wp-content\/uploads\/2014\/11\/sobremesa21.jpg\" width=\"800\" height=\"800\" alt=\"\" data-full-image=\"https:\/\/elmaestrorelojero.es\/ws\/wp-content\/uploads\/2014\/11\/sobremesa21.jpg\" data-light-image=\"https:\/\/elmaestrorelojero.es\/ws\/wp-content\/uploads\/2014\/11\/sobremesa21.jpg\" data-id=\"257\" class=\"wp-image-257\" srcset=\"https:\/\/elmaestrorelojero.es\/ws\/wp-content\/uploads\/2014\/11\/sobremesa21.jpg 800w, https:\/\/elmaestrorelojero.es\/ws\/wp-content\/uploads\/2014\/11\/sobremesa21-300x300.jpg 300w, https:\/\/elmaestrorelojero.es\/ws\/wp-content\/uploads\/2014\/11\/sobremesa21-150x150.jpg 150w, https:\/\/elmaestrorelojero.es\/ws\/wp-content\/uploads\/2014\/11\/sobremesa21-768x768.jpg 768w, https:\/\/elmaestrorelojero.es\/ws\/wp-content\/uploads\/2014\/11\/sobremesa21-400x400.jpg 400w\" sizes=\"auto, (max-width: 800px) 100vw, 800px\" \/><\/div><div class=\"kadence-blocks-gallery-item__caption\">Reloj ingl\u00e9s Art Dec\u00f3. 1920<\/div><\/div><\/a><\/figure><\/div><\/li><li class=\"kadence-blocks-gallery-item\"><div class=\"kadence-blocks-gallery-item-inner\"><figure class=\"kb-gallery-figure kb-gallery-item-has-link kadence-blocks-gallery-item-has-caption\"><a href=\"https:\/\/elmaestrorelojero.es\/ws\/wp-content\/uploads\/2014\/11\/sobremesa11-768x768.jpg\" data-description=\"Reloj ingl\u00e9s eduardiano\" class=\"kb-gallery-item-link\"   role=\"button\" aria-haspopup=\"dialog\"><div class=\"kb-gal-image-radius\"><div class=\"kb-gallery-image-contain kadence-blocks-gallery-intrinsic kb-gallery-image-ratio-land32 kb-has-image-ratio-land32\" ><img loading=\"lazy\" decoding=\"async\" src=\"https:\/\/elmaestrorelojero.es\/ws\/wp-content\/uploads\/2014\/11\/sobremesa11.jpg\" width=\"800\" height=\"800\" alt=\"\" data-full-image=\"https:\/\/elmaestrorelojero.es\/ws\/wp-content\/uploads\/2014\/11\/sobremesa11.jpg\" data-light-image=\"https:\/\/elmaestrorelojero.es\/ws\/wp-content\/uploads\/2014\/11\/sobremesa11.jpg\" data-id=\"256\" class=\"wp-image-256\" srcset=\"https:\/\/elmaestrorelojero.es\/ws\/wp-content\/uploads\/2014\/11\/sobremesa11.jpg 800w, https:\/\/elmaestrorelojero.es\/ws\/wp-content\/uploads\/2014\/11\/sobremesa11-300x300.jpg 300w, https:\/\/elmaestrorelojero.es\/ws\/wp-content\/uploads\/2014\/11\/sobremesa11-150x150.jpg 150w, https:\/\/elmaestrorelojero.es\/ws\/wp-content\/uploads\/2014\/11\/sobremesa11-768x768.jpg 768w, https:\/\/elmaestrorelojero.es\/ws\/wp-content\/uploads\/2014\/11\/sobremesa11-400x400.jpg 400w\" sizes=\"auto, (max-width: 800px) 100vw, 800px\" \/><\/div><div class=\"kadence-blocks-gallery-item__caption\">Reloj ingl\u00e9s eduardiano<\/div><\/div><\/a><\/figure><\/div><\/li><\/ul><\/div>\n\n\n<p><\/p>\n","protected":false},"excerpt":{"rendered":"","protected":false},"author":1,"featured_media":0,"parent":0,"menu_order":0,"comment_status":"closed","ping_status":"open","template":"","meta":{"_kadence_starter_templates_imported_post":false,"footnotes":""},"class_list":["post-302","page","type-page","status-publish","hentry"],"_links":{"self":[{"href":"https:\/\/elmaestrorelojero.es\/ws\/wp-json\/wp\/v2\/pages\/302","targetHints":{"allow":["GET"]}}],"collection":[{"href":"https:\/\/elmaestrorelojero.es\/ws\/wp-json\/wp\/v2\/pages"}],"about":[{"href":"https:\/\/elmaestrorelojero.es\/ws\/wp-json\/wp\/v2\/types\/page"}],"author":[{"embeddable":true,"href":"https:\/\/elmaestrorelojero.es\/ws\/wp-json\/wp\/v2\/users\/1"}],"replies":[{"embeddable":true,"href":"https:\/\/elmaestrorelojero.es\/ws\/wp-json\/wp\/v2\/comments?post=302"}],"version-history":[{"count":11,"href":"https:\/\/elmaestrorelojero.es\/ws\/wp-json\/wp\/v2\/pages\/302\/revisions"}],"predecessor-version":[{"id":640,"href":"https:\/\/elmaestrorelojero.es\/ws\/wp-json\/wp\/v2\/pages\/302\/revisions\/640"}],"wp:attachment":[{"href":"https:\/\/elmaestrorelojero.es\/ws\/wp-json\/wp\/v2\/media?parent=302"}],"curies":[{"name":"wp","href":"https:\/\/api.w.org\/{rel}","templated":true}]}}