{"id":156,"date":"2014-11-07T16:23:45","date_gmt":"2014-11-07T16:23:45","guid":{"rendered":"http:\/\/elmaestrorelojero.es\/wp\/?page_id=156"},"modified":"2023-10-06T08:44:12","modified_gmt":"2023-10-06T06:44:12","slug":"contacto1","status":"publish","type":"page","link":"https:\/\/elmaestrorelojero.es\/ws\/contacto1\/","title":{"rendered":"CONTACTO"},"content":{"rendered":"<h6><\/h6>\n<h3 class=\"wysiwyg_viewer_skins_screenwidthcontainer_BlankScreenpc1-bg\"><strong>Visite nuestra tienda y taller\u00a0<\/strong><strong><span class=\"color_15\">de reparaci\u00f3n<\/span><\/strong><\/h3>\n<p><strong>El Maestro Relojero S.L.<br \/>\n<\/strong>C\/ Donoso Cort\u00e9s, 15. 28015\u00a0Madrid<br \/>\nTelf: 915938060 \/ 629762171<br \/>\n<em>contacto@elmaestrorelojero.com<\/em><\/p>\n<p><strong>HORARIO DE ATENCI\u00d3N AL P\u00daBLICO<\/strong><\/p>\n<p>Lunes &#8211; Jueves: 10:00 &#8211; 19:00<br \/>\nViernes 10:00 &#8211; 14:00<br \/>\nS\u00e1bados y Domingos cerrado<strong><br \/>\n<\/strong><\/p>\n","protected":false},"excerpt":{"rendered":"<p>Visite nuestra tienda y taller\u00a0de reparaci\u00f3n El Maestro Relojero S.L. C\/ Donoso Cort\u00e9s, 15. 28015\u00a0Madrid Telf: 915938060 \/ 629762171 contacto@elmaestrorelojero.com HORARIO DE ATENCI\u00d3N AL P\u00daBLICO Lunes &#8211; Jueves: 10:00 &#8211; 19:00 Viernes 10:00 &#8211; 14:00 S\u00e1bados y Domingos cerrado<\/p>\n","protected":false},"author":1,"featured_media":0,"parent":0,"menu_order":0,"comment_status":"closed","ping_status":"open","template":"","meta":{"_kadence_starter_templates_imported_post":false,"footnotes":""},"class_list":["post-156","page","type-page","status-publish","hentry"],"_links":{"self":[{"href":"https:\/\/elmaestrorelojero.es\/ws\/wp-json\/wp\/v2\/pages\/156","targetHints":{"allow":["GET"]}}],"collection":[{"href":"https:\/\/elmaestrorelojero.es\/ws\/wp-json\/wp\/v2\/pages"}],"about":[{"href":"https:\/\/elmaestrorelojero.es\/ws\/wp-json\/wp\/v2\/types\/page"}],"author":[{"embeddable":true,"href":"https:\/\/elmaestrorelojero.es\/ws\/wp-json\/wp\/v2\/users\/1"}],"replies":[{"embeddable":true,"href":"https:\/\/elmaestrorelojero.es\/ws\/wp-json\/wp\/v2\/comments?post=156"}],"version-history":[{"count":2,"href":"https:\/\/elmaestrorelojero.es\/ws\/wp-json\/wp\/v2\/pages\/156\/revisions"}],"predecessor-version":[{"id":604,"href":"https:\/\/elmaestrorelojero.es\/ws\/wp-json\/wp\/v2\/pages\/156\/revisions\/604"}],"wp:attachment":[{"href":"https:\/\/elmaestrorelojero.es\/ws\/wp-json\/wp\/v2\/media?parent=156"}],"curies":[{"name":"wp","href":"https:\/\/api.w.org\/{rel}","templated":true}]}}